{"id":711,"date":"2026-03-21T14:42:33","date_gmt":"2026-03-21T14:42:33","guid":{"rendered":"https:\/\/gormsimonsen.dk\/?page_id=711"},"modified":"2026-03-21T15:23:42","modified_gmt":"2026-03-21T15:23:42","slug":"erhverv","status":"publish","type":"page","link":"https:\/\/gormsimonsen.dk\/index.php\/erhverv\/","title":{"rendered":"Erhverv"},"content":{"rendered":"\n<p>Vi vil arbejde for:<\/p>\n\n\n\n<p>\u2022 At der for alle nye administrative krav overvejes forsimplinger for de mindste virksomheder<\/p>\n\n\n\n<p>\u2022 At historisk bestemte tidsfrister g\u00f8res mere fleksible<\/p>\n\n\n\n<p>\u2022 At der ydes konkret hj\u00e6lp til nye virksomheder<\/p>\n\n\n\n<p>\u2022 At tilskud til kollektiv eksportfremme b\u00f8r m\u00e5lrettes sm\u00e5- og mellemstore eksport\u00f8rer, s\u00e5 de bedst muligt im\u00f8dekommer deres behov<\/p>\n\n\n\n<p>\u2022 At alle erhvervsst\u00f8tteordninger evalueres hvert 5. \u00e5r for at sikre, at de har den rette strategiske retning og risikoprofil<\/p>\n\n\n\n<p>\u2022 At danske mikrovirksomheder skal have mulighed for at v\u00e6lge en s\u00e6rlig skatteordning, hvor de alene betaler selskabsskat af udloddet overskud, s\u00e5 de f\u00e5r bedre mulighed for at geninvestere overskud i virksomheden.<\/p>\n\n\n\n<p>\u2022 At underst\u00f8tte mulighederne for at iv\u00e6rks\u00e6ttere f\u00e5r bedre mulighed for at rejse risikovillig kapital<\/p>\n\n\n\n<p><strong>MINE PEJLEM\u00c6RKER<\/strong><\/p>\n\n\n\n<p>\u2022 Mindre b\u00f8vl ved at efterse kontroller og dokumentationskrav<\/p>\n\n\n\n<p>\u2022 Nemmere erhvervskonto for iv\u00e6rks\u00e6ttere<\/p>\n\n\n\n<p>\u2022 Dansk betalingskort uden gebyrer<\/p>\n\n\n\n<p>\u2022 Bedre l\u00e5nemuligheder for erhverv i landdistrikterne<\/p>\n\n\n\n<p>\u2022 Direkte st\u00f8tte i opstartsperioden<\/p>\n","protected":false},"excerpt":{"rendered":"<p>Vi vil arbejde for: \u2022 At der for alle nye administrative krav overvejes forsimplinger for de mindste virksomheder \u2022 At historisk bestemte tidsfrister g\u00f8res mere fleksible \u2022 At der ydes konkret hj\u00e6lp til nye virksomheder \u2022 At tilskud til kollektiv<\/p>\n","protected":false},"author":1,"featured_media":0,"parent":0,"menu_order":0,"comment_status":"closed","ping_status":"closed","template":"","meta":{"footnotes":""},"class_list":["post-711","page","type-page","status-publish","hentry"],"_links":{"self":[{"href":"https:\/\/gormsimonsen.dk\/index.php\/wp-json\/wp\/v2\/pages\/711","targetHints":{"allow":["GET"]}}],"collection":[{"href":"https:\/\/gormsimonsen.dk\/index.php\/wp-json\/wp\/v2\/pages"}],"about":[{"href":"https:\/\/gormsimonsen.dk\/index.php\/wp-json\/wp\/v2\/types\/page"}],"author":[{"embeddable":true,"href":"https:\/\/gormsimonsen.dk\/index.php\/wp-json\/wp\/v2\/users\/1"}],"replies":[{"embeddable":true,"href":"https:\/\/gormsimonsen.dk\/index.php\/wp-json\/wp\/v2\/comments?post=711"}],"version-history":[{"count":1,"href":"https:\/\/gormsimonsen.dk\/index.php\/wp-json\/wp\/v2\/pages\/711\/revisions"}],"predecessor-version":[{"id":712,"href":"https:\/\/gormsimonsen.dk\/index.php\/wp-json\/wp\/v2\/pages\/711\/revisions\/712"}],"wp:attachment":[{"href":"https:\/\/gormsimonsen.dk\/index.php\/wp-json\/wp\/v2\/media?parent=711"}],"curies":[{"name":"wp","href":"https:\/\/api.w.org\/{rel}","templated":true}]}}