{"id":686,"date":"2026-03-08T20:08:19","date_gmt":"2026-03-08T20:08:19","guid":{"rendered":"https:\/\/gormsimonsen.dk\/?page_id=686"},"modified":"2026-03-21T15:23:51","modified_gmt":"2026-03-21T15:23:51","slug":"sundhed","status":"publish","type":"page","link":"https:\/\/gormsimonsen.dk\/index.php\/sundhed\/","title":{"rendered":"Sundhed"},"content":{"rendered":"\n<p>Jeg vil arbejde for et sundhedsv\u00e6senet ser det hele menneske og prioriterer forebyggelse, fremfor at t\u00e6nke i budgetter og kasser.<\/p>\n\n\n\n<p>STATUS<\/p>\n\n\n\n<p>Den sundhedsreform, som nu tr\u00e6der i kraft, vil s\u00e6tte kraft i sundhedsv\u00e6senet. Men retningen er stadig den samme: mere sundhed for den almindelige borger og stadig sv\u00e6rt hvis man har flere lidelser eller bare ikke passer ind i kasserne. Der skal ikke mere forandring i sundhedsv\u00e6senet lige nu \u2013 der er mange nye opgaver som f\u00f8lger af sundhedsreformen mv.<\/p>\n\n\n\n<p>VEJEN FREM<\/p>\n\n\n\n<p>Vi skal starte den langsomme revolution af sundhedsv\u00e6senet, s\u00e5 vi faktisk hj\u00e6lper dem, der har brug for det. Vi skal s\u00e6tte gang i den bev\u00e6gelse at vi g\u00f8r det der er rigtigt \u2013 og ikke det systemet forlanger.<\/p>\n\n\n\n<p>Vi skal bygge videre p\u00e5 den \u00f8konomiske styring og nationale specialisering, men vi skal \u00e6ndre fokus til sundhedsfremme og forebyggelse, samt vende systemet p\u00e5 hovedet s\u00e5 borgernes situation kommer f\u00f8r systemets krav.<\/p>\n\n\n\n<p>MINE PEJLEM\u00c6RKER<\/p>\n\n\n\n<p>\u2022 Et sundhedsv\u00e6sen, som ser det hele menneske \u2013 og ikke kun \u201dhullerne\u201d.<\/p>\n\n\n\n<p>\u2022 Sundhedsfremme og forebyggelse, s\u00e5 vi ikke bare behandler.<\/p>\n\n\n\n<p>\u2022 Aktiv sundhed baseret p\u00e5 lokale f\u00e6llesskaber, s\u00e5 vi er sammen om at g\u00f8re Danmark sundere.<\/p>\n","protected":false},"excerpt":{"rendered":"<p>Jeg vil arbejde for et sundhedsv\u00e6senet ser det hele menneske og prioriterer forebyggelse, fremfor at t\u00e6nke i budgetter og kasser. STATUS Den sundhedsreform, som nu tr\u00e6der i kraft, vil s\u00e6tte kraft i sundhedsv\u00e6senet. Men retningen er stadig den samme: mere<\/p>\n","protected":false},"author":1,"featured_media":0,"parent":0,"menu_order":0,"comment_status":"closed","ping_status":"closed","template":"","meta":{"footnotes":""},"class_list":["post-686","page","type-page","status-publish","hentry"],"_links":{"self":[{"href":"https:\/\/gormsimonsen.dk\/index.php\/wp-json\/wp\/v2\/pages\/686","targetHints":{"allow":["GET"]}}],"collection":[{"href":"https:\/\/gormsimonsen.dk\/index.php\/wp-json\/wp\/v2\/pages"}],"about":[{"href":"https:\/\/gormsimonsen.dk\/index.php\/wp-json\/wp\/v2\/types\/page"}],"author":[{"embeddable":true,"href":"https:\/\/gormsimonsen.dk\/index.php\/wp-json\/wp\/v2\/users\/1"}],"replies":[{"embeddable":true,"href":"https:\/\/gormsimonsen.dk\/index.php\/wp-json\/wp\/v2\/comments?post=686"}],"version-history":[{"count":2,"href":"https:\/\/gormsimonsen.dk\/index.php\/wp-json\/wp\/v2\/pages\/686\/revisions"}],"predecessor-version":[{"id":741,"href":"https:\/\/gormsimonsen.dk\/index.php\/wp-json\/wp\/v2\/pages\/686\/revisions\/741"}],"wp:attachment":[{"href":"https:\/\/gormsimonsen.dk\/index.php\/wp-json\/wp\/v2\/media?parent=686"}],"curies":[{"name":"wp","href":"https:\/\/api.w.org\/{rel}","templated":true}]}}