{"id":684,"date":"2026-03-08T20:06:55","date_gmt":"2026-03-08T20:06:55","guid":{"rendered":"https:\/\/gormsimonsen.dk\/?page_id=684"},"modified":"2026-03-08T20:06:55","modified_gmt":"2026-03-08T20:06:55","slug":"folketingsvalg","status":"publish","type":"page","link":"https:\/\/gormsimonsen.dk\/index.php\/folketingsvalg\/","title":{"rendered":"Folketingsvalg"},"content":{"rendered":"\n<p>Jeg vil arbejde for at:<\/p>\n\n\n\n<p>Sundhedsv\u00e6senet ser det hele menneske og prioriterer forebyggelse, fremfor at t\u00e6nke i budgetter og kasser.<\/p>\n\n\n\n<p>Vores forsvar og beredskab styrkes intelligent, og inddrager civilsamfund, forskere og teknologivirksomheder.<\/p>\n\n\n\n<p>Mindske b\u00f8vl og bureaukrati for iv\u00e6rks\u00e6ttere og solo-selvst\u00e6ndige \u2013 specielt p\u00e5 landet.<\/p>\n\n\n\n<p>Skabe grundlaget for en fuld gr\u00f8n omstilling p\u00e5 fem \u00e5r.<\/p>\n\n\n\n<p><\/p>\n","protected":false},"excerpt":{"rendered":"<p>Jeg vil arbejde for at: Sundhedsv\u00e6senet ser det hele menneske og prioriterer forebyggelse, fremfor at t\u00e6nke i budgetter og kasser. Vores forsvar og beredskab styrkes intelligent, og inddrager civilsamfund, forskere og teknologivirksomheder. Mindske b\u00f8vl og bureaukrati for iv\u00e6rks\u00e6ttere og solo-selvst\u00e6ndige<\/p>\n","protected":false},"author":1,"featured_media":0,"parent":0,"menu_order":0,"comment_status":"closed","ping_status":"closed","template":"","meta":{"footnotes":""},"class_list":["post-684","page","type-page","status-publish","hentry"],"_links":{"self":[{"href":"https:\/\/gormsimonsen.dk\/index.php\/wp-json\/wp\/v2\/pages\/684","targetHints":{"allow":["GET"]}}],"collection":[{"href":"https:\/\/gormsimonsen.dk\/index.php\/wp-json\/wp\/v2\/pages"}],"about":[{"href":"https:\/\/gormsimonsen.dk\/index.php\/wp-json\/wp\/v2\/types\/page"}],"author":[{"embeddable":true,"href":"https:\/\/gormsimonsen.dk\/index.php\/wp-json\/wp\/v2\/users\/1"}],"replies":[{"embeddable":true,"href":"https:\/\/gormsimonsen.dk\/index.php\/wp-json\/wp\/v2\/comments?post=684"}],"version-history":[{"count":1,"href":"https:\/\/gormsimonsen.dk\/index.php\/wp-json\/wp\/v2\/pages\/684\/revisions"}],"predecessor-version":[{"id":685,"href":"https:\/\/gormsimonsen.dk\/index.php\/wp-json\/wp\/v2\/pages\/684\/revisions\/685"}],"wp:attachment":[{"href":"https:\/\/gormsimonsen.dk\/index.php\/wp-json\/wp\/v2\/media?parent=684"}],"curies":[{"name":"wp","href":"https:\/\/api.w.org\/{rel}","templated":true}]}}