{"id":2,"date":"2025-04-20T20:04:33","date_gmt":"2025-04-20T20:04:33","guid":{"rendered":"http:\/\/gormsimonsen.dk\/?page_id=2"},"modified":"2025-09-03T12:50:07","modified_gmt":"2025-09-03T12:50:07","slug":"sample-page","status":"publish","type":"page","link":"https:\/\/gormsimonsen.dk\/index.php\/sample-page\/","title":{"rendered":"Radikale Venstre"},"content":{"rendered":"\n<p>Se mere p\u00e5 <a href=\"http:\/\/radikale-bd.dk\">http:\/\/radikale-bd.dk<\/a><\/p>\n\n\n\n<ul class=\"wp-block-list\">\n<li><a href=\"https:\/\/gormsimonsen.dk\/index.php\/broenderslev-kommune\/\" data-type=\"page\" data-id=\"74\">Kommunalvalg i Br\u00f8nderslev Kommune<\/a><\/li>\n\n\n\n<li>Regionsvalg i Region Nordjylland<\/li>\n<\/ul>\n\n\n\n<p>Jeg mener, at vi b\u00f8r skabe det samarbejde p\u00e5 tv\u00e6rs af \u00f8konomiske og sociale politiske skel, der kan sikre det europ\u00e6iske demokrati.<\/p>\n\n\n\n<p>Det er nok Staunings ord, men: &#8220;<em>Tiden kalder, st\u00e6rkere end i normale tider, p\u00e5 samarbejde mellem alle gode kr\u00e6fter&#8230;<\/em>&#8220;<\/p>\n\n\n\n<p>Kampen skal ikke v\u00e6re en gammeldags revolution med h\u00f8tyve og&nbsp;guillotiner, men en insisterende p\u00e5 at Vi ikke t\u00e5ler l\u00f8gn og selv-promovering p\u00e5 bekostning af medborgere der vil det danske, ej heller resignerer Vi over for gamle\/nuv\u00e6rende \u00f8konomiske teorier, og at Vi t\u00f8r tage stilling til en pragmatisk tilgang til forskellige gruppers adgang til vores samfund, s\u00e5 der er plads til alles menneskerettigheder under hensyn til Danmarks udvikling.<\/p>\n","protected":false},"excerpt":{"rendered":"<p>Se mere p\u00e5 http:\/\/radikale-bd.dk Jeg mener, at vi b\u00f8r skabe det samarbejde p\u00e5 tv\u00e6rs af \u00f8konomiske og sociale politiske skel, der kan sikre det europ\u00e6iske demokrati. Det er nok Staunings ord, men: &#8220;Tiden kalder, st\u00e6rkere end i normale tider, p\u00e5<\/p>\n","protected":false},"author":1,"featured_media":36,"parent":0,"menu_order":0,"comment_status":"closed","ping_status":"closed","template":"","meta":{"footnotes":""},"class_list":["post-2","page","type-page","status-publish","has-post-thumbnail","hentry"],"_links":{"self":[{"href":"https:\/\/gormsimonsen.dk\/index.php\/wp-json\/wp\/v2\/pages\/2","targetHints":{"allow":["GET"]}}],"collection":[{"href":"https:\/\/gormsimonsen.dk\/index.php\/wp-json\/wp\/v2\/pages"}],"about":[{"href":"https:\/\/gormsimonsen.dk\/index.php\/wp-json\/wp\/v2\/types\/page"}],"author":[{"embeddable":true,"href":"https:\/\/gormsimonsen.dk\/index.php\/wp-json\/wp\/v2\/users\/1"}],"replies":[{"embeddable":true,"href":"https:\/\/gormsimonsen.dk\/index.php\/wp-json\/wp\/v2\/comments?post=2"}],"version-history":[{"count":11,"href":"https:\/\/gormsimonsen.dk\/index.php\/wp-json\/wp\/v2\/pages\/2\/revisions"}],"predecessor-version":[{"id":134,"href":"https:\/\/gormsimonsen.dk\/index.php\/wp-json\/wp\/v2\/pages\/2\/revisions\/134"}],"wp:featuredmedia":[{"embeddable":true,"href":"https:\/\/gormsimonsen.dk\/index.php\/wp-json\/wp\/v2\/media\/36"}],"wp:attachment":[{"href":"https:\/\/gormsimonsen.dk\/index.php\/wp-json\/wp\/v2\/media?parent=2"}],"curies":[{"name":"wp","href":"https:\/\/api.w.org\/{rel}","templated":true}]}}