{"id":142,"date":"2025-09-03T21:29:25","date_gmt":"2025-09-03T21:29:25","guid":{"rendered":"https:\/\/gormsimonsen.dk\/?page_id=142"},"modified":"2025-09-03T21:45:35","modified_gmt":"2025-09-03T21:45:35","slug":"region-nordjylland","status":"publish","type":"page","link":"https:\/\/gormsimonsen.dk\/index.php\/sample-page\/region-nordjylland\/","title":{"rendered":"Region Nordjylland"},"content":{"rendered":"\n<p><strong>Fra region med store udfordringer, til regionen med de bedste forhold for sundhed i hverdagen.<\/strong><\/p>\n\n\n\n<p>Nordjylland har v\u00e6ret et omr\u00e5de med mange borgere med kroniske sygdomme, som ikke lige har f\u00e5et den behandling og pleje man kunne \u00f8nske. Siden vi har f\u00e5et et universitetshospital og l\u00e6geuddannelse i Aalborg &#8211; med praktik i hele regionen &#8211; er der flere l\u00e6ger som har interesse i at v\u00e6re praktiserende l\u00e6ger i Nordjylland.<\/p>\n\n\n\n<p>Det l\u00f8ser dog ikke hverdagens problemer, men vi har nu en mulighed for at g\u00f8re sundhedsv\u00e6senet mere relevant og tilg\u00e6ngeligt.<\/p>\n\n\n\n<p>Radikale Venstre vil s\u00f8rge for flere tilbud hos praktiserende l\u00e6ger og flere speciall\u00e6ger i n\u00e6romr\u00e5derne. Region Nordjylland har langt f\u00e6rre praktiserende speciall\u00e6ger (fx praktiserende gyn\u00e6kolog, hjertel\u00e6ge, \u00f8ren\u00e6sehalsl\u00e6ge) pr borger i forhold til de andre 4 regioner. Det betyder at flere patienter som ellers kunne behandles ude i det n\u00e6re, sendes ind p\u00e5 sygehuset for at blive udredt og behandlet.<\/p>\n\n\n\n<ul class=\"wp-block-list\">\n<li>Radikale Venstre i Nordjylland mener at der b\u00f8r tilbydes efteruddannelse til de praktiserende l\u00e6ger og deres ansatte sundhedspersonale, s\u00e5ledes de bliver endnu bedre i stand til at varetage flere og nye opgaver omkring deres patienter.<\/li>\n\n\n\n<li>Radikale Venstre mener at der med fordel kan oprettes og ans\u00e6ttes flere praktiserende speciall\u00e6ger i Region Nordjylland. Det vil give mulighed for at flere patienter kan behandles for specifikke lidelser t\u00e6ttere p\u00e5 eget hjem og aflaste sygehusambulatorierne. Eksempelvis mangler der praktiserende \u00f8rel\u00e6ger, geriatere, b\u00f8rnepsykiatere og gigtl\u00e6ger.<\/li>\n<\/ul>\n\n\n\n<p>Radikale Venstre til arbejde for at alle borgere Nordjylland f\u00e5r et <em>F\u00e6llesskab p\u00e5 recept<\/em>. Ingen mennesker lever alene, men har har gode eller d\u00e5rlige relationer, som enten hj\u00e6lper eller \u00f8del\u00e6gger livet. Vi skal underst\u00f8tte at flere f\u00e5r gode relationer der tror p\u00e5 &#8220;dig&#8221;, og som tr\u00e6der til n\u00e5r det br\u00e6nder p\u00e5. Det skal ikke v\u00e6re formynderi, hvor staten tager over, men simpel hj\u00e6lp til at komme videre &#8211; hvad enten det er fysiske sygdomme, psykiske lidelser eller sociale mavepustere.<\/p>\n\n\n\n<ul class=\"wp-block-list\">\n<li>Radikale Venstre i Nordjylland mener at flere nordjyder skal udredes, behandles og f\u00f8lges i almen praksis, for deres kroniske sygdomme.<\/li>\n\n\n\n<li>Radikale Venstre anerkender Civilsamfundets rolle i at bidrager til borgernes velv\u00e6re og sundhed og samarbejdet p\u00e5 tv\u00e6rs af det offentlige og de civile tilbud skal styrkes.<\/li>\n\n\n\n<li>Radikale Venstre mener at Patientskoler (uddannelse af patienter og deres p\u00e5r\u00f8rende \u2013 s\u00e5 de forst\u00e5r deres sygdom og f\u00e5r redskaber til at leve et godt liv med sygdommen) er et vigtigt redskab i sundhedsfremme og skal udbredes og st\u00f8ttes og tilbydes af Regionen Nordjylland<\/li>\n<\/ul>\n\n\n\n<p>Sundhedsv\u00e6senet har v\u00e6ret, er &#8211; og skal fortsat v\u00e6re &#8211; mennesker der hj\u00e6lper mennesker. Men vi tager i stigende grad teknologien til hj\u00e6lp, som f.eks. g\u00f8r kirurgiske indgreb mere sk\u00e5nsomme og hj\u00e6lpe med at tr\u00e6ffe de rette beslutninger om behandling. Derudover skal vi bruge teknologi til at hj\u00e6lpe os i hverdagen, til at h\u00e5ndtere de sygdomme og skavanker vi efterh\u00e5nden alle lider under.<\/p>\n\n\n\n<ul class=\"wp-block-list\">\n<li>Radikale Venstre \u00f8nsker at on-line konsultationer skal v\u00e6re et obligatorisk tilbud hos alle praktiserende l\u00e6ger for de sygdomme og hos de patienter hvor det egner sig.<\/li>\n\n\n\n<li>Radikale Venstre vil arbejde for at almindelig borgere f\u00e5r adgang til sikre teknologiske produkter, som kan hj\u00e6lpe i hverdagen. Det betyder at det offentlige sundhedsv\u00e6sen skal tage st\u00f8rre ansvar for private udbydere af sundhedsservices og -produkter, s\u00e5 vi ikke g\u00e5r p\u00e5 kompromis med sikkerhed men s\u00f8rger for de bedste l\u00f8sninger i borgernes hverdag.<\/li>\n<\/ul>\n\n\n\n<p><\/p>\n","protected":false},"excerpt":{"rendered":"<p>Fra region med store udfordringer, til regionen med de bedste forhold for sundhed i hverdagen. Nordjylland har v\u00e6ret et omr\u00e5de med mange borgere med kroniske sygdomme, som ikke lige har f\u00e5et den behandling og pleje man kunne \u00f8nske. Siden vi<\/p>\n","protected":false},"author":1,"featured_media":0,"parent":2,"menu_order":0,"comment_status":"closed","ping_status":"closed","template":"","meta":{"footnotes":""},"class_list":["post-142","page","type-page","status-publish","hentry"],"_links":{"self":[{"href":"https:\/\/gormsimonsen.dk\/index.php\/wp-json\/wp\/v2\/pages\/142","targetHints":{"allow":["GET"]}}],"collection":[{"href":"https:\/\/gormsimonsen.dk\/index.php\/wp-json\/wp\/v2\/pages"}],"about":[{"href":"https:\/\/gormsimonsen.dk\/index.php\/wp-json\/wp\/v2\/types\/page"}],"author":[{"embeddable":true,"href":"https:\/\/gormsimonsen.dk\/index.php\/wp-json\/wp\/v2\/users\/1"}],"replies":[{"embeddable":true,"href":"https:\/\/gormsimonsen.dk\/index.php\/wp-json\/wp\/v2\/comments?post=142"}],"version-history":[{"count":5,"href":"https:\/\/gormsimonsen.dk\/index.php\/wp-json\/wp\/v2\/pages\/142\/revisions"}],"predecessor-version":[{"id":149,"href":"https:\/\/gormsimonsen.dk\/index.php\/wp-json\/wp\/v2\/pages\/142\/revisions\/149"}],"up":[{"embeddable":true,"href":"https:\/\/gormsimonsen.dk\/index.php\/wp-json\/wp\/v2\/pages\/2"}],"wp:attachment":[{"href":"https:\/\/gormsimonsen.dk\/index.php\/wp-json\/wp\/v2\/media?parent=142"}],"curies":[{"name":"wp","href":"https:\/\/api.w.org\/{rel}","templated":true}]}}